{"id":11315,"date":"2020-11-06T17:08:01","date_gmt":"2020-11-06T16:08:01","guid":{"rendered":"https:\/\/antiquites-bastian.com\/?post_type=product&#038;p=11315"},"modified":"2020-11-06T17:10:50","modified_gmt":"2020-11-06T16:10:50","slug":"aime-jules-dalou-le-travailleur","status":"publish","type":"product","link":"https:\/\/antiquites-bastian.com\/en\/vendu\/aime-jules-dalou-le-travailleur\/","title":{"rendered":"Aim\u00e9 Jules Dalou &#8211; Le travailleur"},"content":{"rendered":"<p>A bronze statue presenting a man, by Aim\u00e9 Jules Dalou (1838-1902), cast by Susse Fr\u00e8res Foundry. Entitled \u00ab\u00a0Le travailleur\u00a0\u00bb, a farmer is standing rolling up his sleeves. Signed \u00ab\u00a0Dalou SclP\u00a0\u00bb and stamped twice with \u00ab\u00a0Susse Fr\u00e8res . Paris . Editeurs\u00a0\u00bb and \u00ab\u00a0Susse Fres \/ Paris \/ Cire Perdue\u00a0\u00bb.<\/p>\n<p>Cf. KJELLBERG Pierre, <i>Les bronzes du XIXe si\u00e8cle &#8211; Dictionnaire des sculpteurs<\/i>, les Editions de l&#8217;Amateur, 1989, page 246.<\/p>\n<p>Period : beginning of the 20th century<\/p>\n<p>Height : 79 cm<br \/>\nDiameter : 25,5 cm<\/p>\n<p>Condition : perfect<\/p>\n","protected":false},"excerpt":{"rendered":"<p>A bronze statue presenting a man, by Aim\u00e9 Jules Dalou (1838-1902), Susse Fr\u00e8res Foundry.<\/p>\n","protected":false},"featured_media":11280,"template":"","meta":[],"product_brand":[],"product_cat":[112],"product_tag":[689,2016,1557,2113,334,2112,2110,259,2111,86,90],"class_list":{"0":"post-11315","1":"product","2":"type-product","3":"status-publish","4":"has-post-thumbnail","6":"product_cat-vendu","7":"product_tag-bronze-en-2","8":"product_tag-cast","9":"product_tag-farmer","10":"product_tag-orsay-en","11":"product_tag-paris-en","12":"product_tag-petit-palais-en","13":"product_tag-susse-freres-en","14":"product_tag-wood","15":"product_tag-worker","16":"product_tag-xixe-en","17":"product_tag-xxe-en","19":"first","20":"outofstock","21":"shipping-taxable","22":"product-type-simple"},"_links":{"self":[{"href":"https:\/\/antiquites-bastian.com\/en\/wp-json\/wp\/v2\/product\/11315","targetHints":{"allow":["GET"]}}],"collection":[{"href":"https:\/\/antiquites-bastian.com\/en\/wp-json\/wp\/v2\/product"}],"about":[{"href":"https:\/\/antiquites-bastian.com\/en\/wp-json\/wp\/v2\/types\/product"}],"wp:featuredmedia":[{"embeddable":true,"href":"https:\/\/antiquites-bastian.com\/en\/wp-json\/wp\/v2\/media\/11280"}],"wp:attachment":[{"href":"https:\/\/antiquites-bastian.com\/en\/wp-json\/wp\/v2\/media?parent=11315"}],"wp:term":[{"taxonomy":"product_brand","embeddable":true,"href":"https:\/\/antiquites-bastian.com\/en\/wp-json\/wp\/v2\/product_brand?post=11315"},{"taxonomy":"product_cat","embeddable":true,"href":"https:\/\/antiquites-bastian.com\/en\/wp-json\/wp\/v2\/product_cat?post=11315"},{"taxonomy":"product_tag","embeddable":true,"href":"https:\/\/antiquites-bastian.com\/en\/wp-json\/wp\/v2\/product_tag?post=11315"}],"curies":[{"name":"wp","href":"https:\/\/api.w.org\/{rel}","templated":true}]}}